{"id":2,"date":"2022-04-12T11:46:53","date_gmt":"2022-04-12T09:46:53","guid":{"rendered":"https:\/\/ip.bedzin.pl\/?page_id=2"},"modified":"2026-04-01T15:17:18","modified_gmt":"2026-04-01T13:17:18","slug":"przykladowa-strona","status":"publish","type":"page","link":"https:\/\/ip.bedzin.pl\/","title":{"rendered":"Industrial Park B\u0119dzin"},"content":{"rendered":"\n<h2 class=\"wp-block-heading has-text-align-left\"><font color=\"#8DC641\"><b>INDUSTRIAL<font color=\"#3CB34B\">&nbsp;PARK<\/font><\/b><font color=\"#3CB34B\"><font color=\"#3CB34B\"> Sielecka 63A, 42-500 B\u0119dzin<br><\/font><\/font><\/font><\/h2>\n\n\n\n<p>Na wynajem 17 umeblowanych mieszka\u0144 dost\u0119pnych od dzi\u015b. Mieszkania 2, 3 i 4 osobowe- \u0142\u0105cznie 48 miejsc noclegowych. Budynek zabezpieczony wej\u015bcie poprzez kod, ochrona Solid 24h i monitoring. W cenie dost\u0119p Internetu (pr\u0105d, woda \u015bcieki, \u015bmieci rozliczane wed\u0142ug zu\u017cycia co miesi\u0105c)<br>Telefon <a rel=\"noreferrer noopener\" href=\"tel:888 878 907\" target=\"_blank\">888 878 907<\/a><\/p>\n\n\n\n<p class=\"has-text-align-left\">Realizowana przez <strong>Modern Silesia sp. z o.o.<\/strong><br>41-500 Chorz\u00f3w, ul. Metalowc\u00f3w 7<br>NIP 6272764306, REGON 384271129, KRS 0000802192<br><\/p>\n\n\n\n<p class=\"has-text-align-left\"><font color=\"#8DC641\"><strong>Henryk<\/strong><font color=\"#3CB34B\">&nbsp;<strong>Dobrzy\u0144ski<\/strong><font color=\"#000000\"> &#8211; w\u0142a\u015bciciel marki &#8211; tel.&nbsp;<a href=\"tel:+48666500200\">666 500 200<\/a><\/font><\/font><\/font><\/p>\n\n\n\n<p class=\"has-text-align-left\">Telefony:<br>\u260e <a href=\"tel:799 919 888\" target=\"_blank\" rel=\"noreferrer noopener\">799 919 888<\/a><br>\u260f <a href=\"tel:888 338 088\" target=\"_blank\" rel=\"noreferrer noopener\">888 338 088<\/a><\/p>\n\n\n\n<p>BRAK LOKALI NA SPRZEDA\u017b<br>WOLNE LOKALE TYLKO NA WYNAJEM<\/p>\n\n\n\n<p>2 pokoje &#8211; 2500 z\u0142 + media<br>Kawalerka z aneksem kuchennym &#8211; 1700 z\u0142 + media<\/p>\n\n\n\n<p><\/p>\n\n\n\n<p><\/p>\n","protected":false},"excerpt":{"rendered":"<p>INDUSTRIAL&nbsp;PARK Sielecka 63A, 42-500 B\u0119dzin Na wynajem 17 umeblowanych mieszka\u0144 dost\u0119pnych od dzi\u015b. Mieszkania 2, 3 i 4 osobowe- \u0142\u0105cznie 48 miejsc noclegowych. Budynek zabezpieczony wej\u015bcie poprzez kod, ochrona Solid 24h i monitoring. W cenie dost\u0119p Internetu (pr\u0105d, woda \u015bcieki, \u015bmieci rozliczane wed\u0142ug zu\u017cycia co miesi\u0105c)Telefon 888 878 907 Realizowana przez Modern Silesia sp. z &hellip; <\/p>\n<p class=\"link-more\"><a href=\"https:\/\/ip.bedzin.pl\/\" class=\"more-link\">Czytaj dalej<span class=\"screen-reader-text\"> \u201eIndustrial Park B\u0119dzin\u201d<\/span><\/a><\/p>\n","protected":false},"author":1,"featured_media":0,"parent":0,"menu_order":0,"comment_status":"closed","ping_status":"open","template":"","meta":{"footnotes":""},"class_list":["post-2","page","type-page","status-publish","hentry"],"_links":{"self":[{"href":"https:\/\/ip.bedzin.pl\/index.php\/wp-json\/wp\/v2\/pages\/2","targetHints":{"allow":["GET"]}}],"collection":[{"href":"https:\/\/ip.bedzin.pl\/index.php\/wp-json\/wp\/v2\/pages"}],"about":[{"href":"https:\/\/ip.bedzin.pl\/index.php\/wp-json\/wp\/v2\/types\/page"}],"author":[{"embeddable":true,"href":"https:\/\/ip.bedzin.pl\/index.php\/wp-json\/wp\/v2\/users\/1"}],"replies":[{"embeddable":true,"href":"https:\/\/ip.bedzin.pl\/index.php\/wp-json\/wp\/v2\/comments?post=2"}],"version-history":[{"count":48,"href":"https:\/\/ip.bedzin.pl\/index.php\/wp-json\/wp\/v2\/pages\/2\/revisions"}],"predecessor-version":[{"id":344,"href":"https:\/\/ip.bedzin.pl\/index.php\/wp-json\/wp\/v2\/pages\/2\/revisions\/344"}],"wp:attachment":[{"href":"https:\/\/ip.bedzin.pl\/index.php\/wp-json\/wp\/v2\/media?parent=2"}],"curies":[{"name":"wp","href":"https:\/\/api.w.org\/{rel}","templated":true}]}}